{"id":512,"date":"2021-09-10T12:15:38","date_gmt":"2021-09-10T04:15:38","guid":{"rendered":"https:\/\/yamhillfamilycore.org\/?page_id=512"},"modified":"2021-09-11T03:59:57","modified_gmt":"2021-09-10T19:59:57","slug":"aviso-contra-la-discriminacion","status":"publish","type":"page","link":"https:\/\/yamhillfamilycore.org\/es\/aviso-contra-la-discriminacion\/","title":{"rendered":"Aviso contra la discriminaci\u00f3n"},"content":{"rendered":"\n<p><strong>Yamhill Community Care Organization no discrimina<\/strong><\/p>\n\n\n\n<p>Yamhill Community Care Organization (YCCO) debe cumplir con las leyes de derecho civil estatales y federales. No podemos tratar a las personas de manera injusta en ninguno de nuestros programas o actividades debido a su:<\/p>\n\n\n\n<ul class=\"wp-block-list\"><li>Edad<\/li><li>Color<\/li><li>Discapacidad<\/li><li>Identidad de g\u00e9nero<\/li><li>Estado civil<\/li><li>Nacionalidad<\/li><li>Raza<\/li><li>Religi\u00f3n<\/li><li>Sexo<\/li><li>Orientaci\u00f3n sexual<\/li><\/ul>\n\n\n\n<p>Todos tienen derecho a entrar, salir y utilizar los edificios y servicios. Tambi\u00e9n tienen derecho a recibir informaci\u00f3n de forma comprensible. Esto significa recibir materiales escritos en otros formatos para que usted pueda entender (letra grande, audio, braille, etc.).&nbsp;<\/p>\n\n\n\n<p>Si no habla ingl\u00e9s, usted puede recibir servicios de interpretaci\u00f3n e informaci\u00f3n\/materiales escritos gratuitos en el idioma que usted habla. YCCO har\u00e1 cambios razonables a las pol\u00edticas, pr\u00e1cticas y procedimientos hablando con usted sobre sus necesidades.<\/p>\n\n\n\n<ul class=\"wp-block-list\"><li>Tel\u00e9fono (toll-free): 1-855-722-8205 (TTY\/TDD: 7-1-1)<\/li><li>Correo:: Yamhill Community Care Organization<\/li><\/ul>\n\n\n\n<p>&nbsp;&nbsp;&nbsp; Atenci\u00f3n: Coordinador de Quejas<\/p>\n\n\n\n<p>&nbsp;&nbsp;&nbsp; PO Box 4158<\/p>\n\n\n\n<p>&nbsp;&nbsp;&nbsp; Portland, OR&nbsp; 97208<\/p>\n\n\n\n<p>Tambi\u00e9n tiene derecho a presentar una queja de derechos civiles ante la Oficina de Derechos Civiles del Departamento de Salud y Servicios Humanos de los EE. UU.&nbsp;<\/p>\n\n\n\n<p>Comun\u00edquese con esa oficina en una de las siguientes formas:<\/p>\n\n\n\n<ul class=\"wp-block-list\"><li>Sitio web: www.hhs.gov<\/li><li>Portal de Quejas en L\u00ednea: <a href=\"https:\/\/ocrportal.hhs.gov\/ocr\/smartscreen\/main.jsf\" rel=\"noopener\">https:\/\/ocrportal.hhs.gov\/ocr\/smartscreen\/main.jsf<\/a>&nbsp;<\/li><li>Correo electr\u00f3nico: <a href=\"mailto:OCRComplaint@hhs.gov\">OCRComplaint@hhs.gov<\/a>&nbsp;<\/li><li>Tel\u00e9fono: 1-800-368-1019, 1-800-537-7697 (TDD)<\/li><li>Correo: Centralized Case management Operations<\/li><\/ul>\n\n\n\n<p>&nbsp;&nbsp;&nbsp;&nbsp;&nbsp;&nbsp;&nbsp;&nbsp; &nbsp;&nbsp;&nbsp;&nbsp;US Department of Health and Human Services<\/p>\n\n\n\n<p>&nbsp;&nbsp;&nbsp;&nbsp;&nbsp;&nbsp;&nbsp; &nbsp;&nbsp;&nbsp;&nbsp;&nbsp;200 Independence Ave. SW&nbsp;<\/p>\n\n\n\n<p>&nbsp;&nbsp;&nbsp;&nbsp;&nbsp;&nbsp;&nbsp;&nbsp; &nbsp;&nbsp;&nbsp;&nbsp;Room 509F HHH Bldg.&nbsp;<\/p>\n\n\n\n<p>&nbsp;&nbsp; Washington, D.C. 20201&nbsp;<\/p>\n","protected":false},"excerpt":{"rendered":"<p>Yamhill Community Care Organization no discrimina Yamhill Community Care Organization (YCCO) debe cumplir con las leyes de derecho civil estatales y federales. No podemos tratar a las personas de manera injusta en ninguno de nuestros programas o actividades debido a su: Edad Color Discapacidad Identidad de g\u00e9nero Estado civil Nacionalidad Raza Religi\u00f3n Sexo Orientaci\u00f3n sexual [&hellip;]<\/p>\n","protected":false},"author":3,"featured_media":0,"parent":0,"menu_order":0,"comment_status":"closed","ping_status":"closed","template":"","meta":{"_acf_changed":false,"inline_featured_image":false,"footnotes":""},"class_list":["post-512","page","type-page","status-publish","hentry"],"acf":[],"_links":{"self":[{"href":"https:\/\/yamhillfamilycore.org\/es\/wp-json\/wp\/v2\/pages\/512","targetHints":{"allow":["GET"]}}],"collection":[{"href":"https:\/\/yamhillfamilycore.org\/es\/wp-json\/wp\/v2\/pages"}],"about":[{"href":"https:\/\/yamhillfamilycore.org\/es\/wp-json\/wp\/v2\/types\/page"}],"author":[{"embeddable":true,"href":"https:\/\/yamhillfamilycore.org\/es\/wp-json\/wp\/v2\/users\/3"}],"replies":[{"embeddable":true,"href":"https:\/\/yamhillfamilycore.org\/es\/wp-json\/wp\/v2\/comments?post=512"}],"version-history":[{"count":2,"href":"https:\/\/yamhillfamilycore.org\/es\/wp-json\/wp\/v2\/pages\/512\/revisions"}],"predecessor-version":[{"id":514,"href":"https:\/\/yamhillfamilycore.org\/es\/wp-json\/wp\/v2\/pages\/512\/revisions\/514"}],"wp:attachment":[{"href":"https:\/\/yamhillfamilycore.org\/es\/wp-json\/wp\/v2\/media?parent=512"}],"curies":[{"name":"wp","href":"https:\/\/api.w.org\/{rel}","templated":true}]}}